{"id":2,"date":"2016-05-10T03:48:21","date_gmt":"2016-05-10T03:48:21","guid":{"rendered":"https:\/\/heimet.ch\/wpcms\/?page_id=2"},"modified":"2026-04-11T15:31:23","modified_gmt":"2026-04-11T15:31:23","slug":"home","status":"publish","type":"page","link":"https:\/\/heimet.ch\/wpcms\/","title":{"rendered":"Home"},"content":{"rendered":"<p>[et_pb_section fb_built=&#8220;1&#8243; _builder_version=&#8220;4.24.0&#8243; _module_preset=&#8220;default&#8220; global_colors_info=&#8220;{}&#8220;][et_pb_row _builder_version=&#8220;4.24.0&#8243; _module_preset=&#8220;default&#8220; global_colors_info=&#8220;{}&#8220;][et_pb_column type=&#8220;4_4&#8243; _builder_version=&#8220;4.24.0&#8243; _module_preset=&#8220;default&#8220; global_colors_info=&#8220;{}&#8220;][et_pb_text _builder_version=&#8220;4.24.0&#8243; _module_preset=&#8220;default&#8220; global_colors_info=&#8220;{}&#8220;]<\/p>\n<h1>Herzlich willkommen!<\/h1>\n<p>&nbsp;<\/p>\n<p><span>Wir begr\u00fcssen Sie auf der Webseite der Wohngenossenschaft Heimet Adliswil. Hier erhalten Sie als Mitglied oder Gast wichtige Informationen zum Wohnen in unserer Genossenschaft. An dieser Stelle werden frei gewordene Wohnungen angeboten und die zur Bewerbung erforderlichen Unterlagen.<\/span><\/p>\n<p>[\/et_pb_text][\/et_pb_column][\/et_pb_row][et_pb_row column_structure=&#8220;2_3,1_3&#8243; make_equal=&#8220;on&#8220; _builder_version=&#8220;4.24.2&#8243; _module_preset=&#8220;default&#8220; custom_margin=&#8220;||||false|false&#8220; custom_padding=&#8220;|0px|||false|false&#8220; global_colors_info=&#8220;{}&#8220;][et_pb_column type=&#8220;2_3&#8243; _builder_version=&#8220;4.24.0&#8243; _module_preset=&#8220;default&#8220; global_colors_info=&#8220;{}&#8220;][et_pb_image src=&#8220;https:\/\/heimet.ch\/wpcms\/wp-content\/uploads\/2024\/01\/rrr.jpg&#8220; title_text=&#8220;rrr&#8220; _builder_version=&#8220;4.24.0&#8243; _module_preset=&#8220;default&#8220; global_colors_info=&#8220;{}&#8220;][\/et_pb_image][\/et_pb_column][et_pb_column type=&#8220;1_3&#8243; _builder_version=&#8220;4.24.0&#8243; _module_preset=&#8220;default&#8220; global_colors_info=&#8220;{}&#8220;][et_pb_blurb use_icon=&#8220;on&#8220; font_icon=&#8220;&#x70;||divi||400&#8243; icon_color=&#8220;#FFFFFF&#8220; image_icon_background_color=&#8220;RGBA(255,255,255,0)&#8220; icon_placement=&#8220;left&#8220; _builder_version=&#8220;4.27.6&#8243; _module_preset=&#8220;default&#8220; body_text_color=&#8220;#FFFFFF&#8220; background_color=&#8220;#E02B20&#8243; min_height=&#8220;25.1%&#8220; custom_padding=&#8220;16px|16px|16px|16px|false|false&#8220; global_colors_info=&#8220;{}&#8220;]<\/p>\n<p>Die Entw\u00fcrfe der Vermietungsreglemente zu Traktandum 6 sind unter Dokumente > Wichtige Dokumente > Entw\u00fcrfe der Vermietungsrelemente gem\u00e4ss Traktandum 6.[\/et_pb_blurb][et_pb_blurb title=&#8220;81. Ordentliche Generalversammtlung &#8220; use_icon=&#8220;on&#8220; font_icon=&#8220;&#x70;||divi||400&#8243; icon_placement=&#8220;left&#8220; _builder_version=&#8220;4.27.6&#8243; _module_preset=&#8220;default&#8220; background_color=&#8220;gcid-30245558-72ce-44bc-a6a1-0f51a2dc18a6&#8243; min_height=&#8220;25.1%&#8220; custom_padding=&#8220;16px|16px|16px|16px|false|false&#8220; hover_enabled=&#8220;0&#8243; global_colors_info=&#8220;{%22gcid-30245558-72ce-44bc-a6a1-0f51a2dc18a6%22:%91%22background_color%22%93}&#8220; sticky_enabled=&#8220;0&#8243;]<\/p>\n<p>Freitag, 8. Mai 2026, 18:30 im Hotel Belvoir, S\u00e4umerstrasse 37, 8803 R\u00fcschlikon<\/p>\n<p>[\/et_pb_blurb][\/et_pb_column][\/et_pb_row][et_pb_row column_structure=&#8220;1_2,1_2&#8243; _builder_version=&#8220;4.24.0&#8243; _module_preset=&#8220;default&#8220; global_colors_info=&#8220;{}&#8220;][et_pb_column type=&#8220;1_2&#8243; _builder_version=&#8220;4.24.0&#8243; _module_preset=&#8220;default&#8220; global_colors_info=&#8220;{}&#8220;][et_pb_text _builder_version=&#8220;4.24.0&#8243; _module_preset=&#8220;default&#8220; custom_margin=&#8220;|0px||||&#8220; custom_padding=&#8220;|0px||||&#8220; global_colors_info=&#8220;{}&#8220;]<\/p>\n<h3>Unsere Siedlungen<\/h3>\n<table>\n<tbody>\n<tr>\n<td>B\u00fcnistrasse 14 (Einfamilienhaus)<\/td>\n<td>1<\/td>\n<td>1948<\/td>\n<\/tr>\n<tr>\n<td>Soodstrasse 34b<\/td>\n<td>6<\/td>\n<td>1948<\/td>\n<\/tr>\n<tr>\n<td>Tiefackerstrasse 10-18<\/td>\n<td>26<\/td>\n<td>2014\/15<\/td>\n<\/tr>\n<tr>\n<td>Feldweg 2, 4, 6<\/td>\n<td>18<\/td>\n<td>1951<\/td>\n<\/tr>\n<tr>\n<td>Feldweg 19a<\/td>\n<td>10<\/td>\n<td>2024<\/td>\n<\/tr>\n<tr>\n<td>Austrasse 39 \/ Bahnweg 16<\/td>\n<td>18<\/td>\n<td>1959<\/td>\n<\/tr>\n<tr>\n<td>Zopfstrasse 13, 15, 17<\/td>\n<td>20<\/td>\n<td>1967<\/td>\n<\/tr>\n<tr>\n<td>Zelgstrasse 40 \/ Bodenacker 1<\/td>\n<td>8<\/td>\n<td>1969<\/td>\n<\/tr>\n<tr>\n<td>Zelgstrasse 37<\/td>\n<td>4<\/td>\n<td>1963<\/td>\n<\/tr>\n<\/tbody>\n<\/table>\n<p>[\/et_pb_text][et_pb_image src=&#8220;https:\/\/heimet.ch\/wpcms\/wp-content\/uploads\/2024\/01\/bahnweg.jpg&#8220; title_text=&#8220;bahnweg&#8220; _builder_version=&#8220;4.24.0&#8243; _module_preset=&#8220;default&#8220; global_colors_info=&#8220;{}&#8220;][\/et_pb_image][\/et_pb_column][et_pb_column type=&#8220;1_2&#8243; _builder_version=&#8220;4.24.0&#8243; _module_preset=&#8220;default&#8220; global_colors_info=&#8220;{}&#8220;][et_pb_image src=&#8220;https:\/\/heimet.ch\/wpcms\/wp-content\/uploads\/2025\/08\/IMG_7793.jpeg&#8220; title_text=&#8220;IMG_7793&#8243; _builder_version=&#8220;4.27.4&#8243; _module_preset=&#8220;default&#8220; global_colors_info=&#8220;{}&#8220;][\/et_pb_image][et_pb_image src=&#8220;https:\/\/heimet.ch\/wpcms\/wp-content\/uploads\/2024\/01\/feldweg.jpg&#8220; title_text=&#8220;feldweg&#8220; _builder_version=&#8220;4.24.0&#8243; _module_preset=&#8220;default&#8220; global_colors_info=&#8220;{}&#8220;][\/et_pb_image][\/et_pb_column][\/et_pb_row][\/et_pb_section]<\/p>\n","protected":false},"excerpt":{"rendered":"<p>Herzlich willkommen! &nbsp; Wir begr\u00fcssen Sie auf der Webseite der Wohngenossenschaft Heimet Adliswil. Hier erhalten Sie als Mitglied oder Gast wichtige Informationen zum Wohnen in unserer Genossenschaft. An dieser Stelle werden frei gewordene Wohnungen angeboten und die zur Bewerbung erforderlichen Unterlagen.Die Entw\u00fcrfe der Vermietungsreglemente zu Traktandum 6 sind unter Dokumente > Wichtige Dokumente > Entw\u00fcrfe [&hellip;]<\/p>\n","protected":false},"author":1,"featured_media":0,"parent":0,"menu_order":0,"comment_status":"closed","ping_status":"closed","template":"","meta":{"_et_pb_use_builder":"on","_et_pb_old_content":"This is an example page. It's different from a blog post because it will stay in one place and will show up in your site navigation (in most themes). Most people start with an About page that introduces them to potential site visitors. It might say something like this:\n\n<blockquote>Hi there! I'm a bike messenger by day, aspiring actor by night, and this is my website. I live in Los Angeles, have a great dog named Jack, and I like pi&#241;a coladas. (And gettin' caught in the rain.)<\/blockquote>\n\n...or something like this:\n\n<blockquote>The XYZ Doohickey Company was founded in 1971, and has been providing quality doohickeys to the public ever since. Located in Gotham City, XYZ employs over 2,000 people and does all kinds of awesome things for the Gotham community.<\/blockquote>\n\nAs a new WordPress user, you should go to <a href=\"https:\/\/heimet.ch\/wpcms\/wp-admin\/\">your dashboard<\/a> to delete this page and create new pages for your content. Have fun!","_et_gb_content_width":"","footnotes":""},"class_list":["post-2","page","type-page","status-publish","hentry"],"_links":{"self":[{"href":"https:\/\/heimet.ch\/wpcms\/wp-json\/wp\/v2\/pages\/2","targetHints":{"allow":["GET"]}}],"collection":[{"href":"https:\/\/heimet.ch\/wpcms\/wp-json\/wp\/v2\/pages"}],"about":[{"href":"https:\/\/heimet.ch\/wpcms\/wp-json\/wp\/v2\/types\/page"}],"author":[{"embeddable":true,"href":"https:\/\/heimet.ch\/wpcms\/wp-json\/wp\/v2\/users\/1"}],"replies":[{"embeddable":true,"href":"https:\/\/heimet.ch\/wpcms\/wp-json\/wp\/v2\/comments?post=2"}],"version-history":[{"count":14,"href":"https:\/\/heimet.ch\/wpcms\/wp-json\/wp\/v2\/pages\/2\/revisions"}],"predecessor-version":[{"id":207,"href":"https:\/\/heimet.ch\/wpcms\/wp-json\/wp\/v2\/pages\/2\/revisions\/207"}],"wp:attachment":[{"href":"https:\/\/heimet.ch\/wpcms\/wp-json\/wp\/v2\/media?parent=2"}],"curies":[{"name":"wp","href":"https:\/\/api.w.org\/{rel}","templated":true}]}}